{"id":10,"date":"2022-04-27T15:34:44","date_gmt":"2022-04-27T13:34:44","guid":{"rendered":"https:\/\/dev.stadtcasino-gb22.carinae.ch\/?page_id=10"},"modified":"2023-05-15T10:01:39","modified_gmt":"2023-05-15T08:01:39","slug":"startseite","status":"publish","type":"page","link":"https:\/\/stadtcasinobaden.ch\/gb2022\/","title":{"rendered":"Startseite"},"content":{"rendered":"","protected":false},"excerpt":{"rendered":"","protected":false},"author":1,"featured_media":0,"parent":0,"menu_order":1,"comment_status":"closed","ping_status":"closed","template":"template_start.php","meta":{"_acf_changed":false,"_monsterinsights_skip_tracking":false,"_monsterinsights_sitenote_active":false,"_monsterinsights_sitenote_note":"","_monsterinsights_sitenote_category":0,"footnotes":""},"class_list":["post-10","page","type-page","status-publish","hentry"],"acf":[],"yoast_head":"<!-- This site is optimized with the Yoast SEO Premium plugin v26.6 (Yoast SEO v26.6) - https:\/\/yoast.com\/wordpress\/plugins\/seo\/ -->\n<title>Gesch\u00e4ftsbericht 2022<\/title>\n<meta name=\"description\" content=\"Die Stadtcasino Baden AG ver\u00f6ffentlicht online die wichtigsten Kennzahlen und schliesst das Gesch\u00e4ftsjahr 2022 mit einem Gewinn ab.\" \/>\n<meta name=\"robots\" content=\"index, follow, max-snippet:-1, max-image-preview:large, max-video-preview:-1\" \/>\n<link rel=\"canonical\" href=\"https:\/\/stadtcasinobaden.ch\/gb2022\/\" \/>\n<meta property=\"og:locale\" content=\"de_DE\" \/>\n<meta property=\"og:type\" content=\"article\" \/>\n<meta property=\"og:title\" content=\"Startseite\" \/>\n<meta property=\"og:description\" content=\"Die Stadtcasino Baden AG ver\u00f6ffentlicht online die wichtigsten Kennzahlen und schliesst das Gesch\u00e4ftsjahr 2022 mit einem Gewinn ab.\" \/>\n<meta property=\"og:url\" content=\"https:\/\/stadtcasinobaden.ch\/gb2022\/\" \/>\n<meta property=\"og:site_name\" content=\"Gesch\u00e4ftsbericht Stadtcasino Baden 22\" \/>\n<meta property=\"article:modified_time\" content=\"2023-05-15T08:01:39+00:00\" \/>\n<meta name=\"twitter:card\" content=\"summary_large_image\" \/>\n<script type=\"application\/ld+json\" class=\"yoast-schema-graph\">{\"@context\":\"https:\/\/schema.org\",\"@graph\":[{\"@type\":\"WebPage\",\"@id\":\"https:\/\/stadtcasinobaden.ch\/gb2022\/\",\"url\":\"https:\/\/stadtcasinobaden.ch\/gb2022\/\",\"name\":\"Gesch\u00e4ftsbericht 2022\",\"isPartOf\":{\"@id\":\"https:\/\/stadtcasinobaden.ch\/gb2022\/#website\"},\"datePublished\":\"2022-04-27T13:34:44+00:00\",\"dateModified\":\"2023-05-15T08:01:39+00:00\",\"description\":\"Die Stadtcasino Baden AG ver\u00f6ffentlicht online die wichtigsten Kennzahlen und schliesst das Gesch\u00e4ftsjahr 2022 mit einem Gewinn ab.\",\"breadcrumb\":{\"@id\":\"https:\/\/stadtcasinobaden.ch\/gb2022\/#breadcrumb\"},\"inLanguage\":\"de-CH\",\"potentialAction\":[{\"@type\":\"ReadAction\",\"target\":[\"https:\/\/stadtcasinobaden.ch\/gb2022\/\"]}]},{\"@type\":\"BreadcrumbList\",\"@id\":\"https:\/\/stadtcasinobaden.ch\/gb2022\/#breadcrumb\",\"itemListElement\":[{\"@type\":\"ListItem\",\"position\":1,\"name\":\"Startseite\",\"item\":\"https:\/\/stadtcasinobaden.ch\/gb2022\/\"},{\"@type\":\"ListItem\",\"position\":2,\"name\":\"Startseite\"}]},{\"@type\":\"WebSite\",\"@id\":\"https:\/\/stadtcasinobaden.ch\/gb2022\/#website\",\"url\":\"https:\/\/stadtcasinobaden.ch\/gb2022\/\",\"name\":\"Gesch\u00e4ftsbericht Stadtcasino Baden 22\",\"description\":\"\",\"potentialAction\":[{\"@type\":\"SearchAction\",\"target\":{\"@type\":\"EntryPoint\",\"urlTemplate\":\"https:\/\/stadtcasinobaden.ch\/gb2022\/?s={search_term_string}\"},\"query-input\":{\"@type\":\"PropertyValueSpecification\",\"valueRequired\":true,\"valueName\":\"search_term_string\"}}],\"inLanguage\":\"de-CH\"}]}<\/script>\n<!-- \/ Yoast SEO Premium plugin. -->","yoast_head_json":{"title":"Gesch\u00e4ftsbericht 2022","description":"Die Stadtcasino Baden AG ver\u00f6ffentlicht online die wichtigsten Kennzahlen und schliesst das Gesch\u00e4ftsjahr 2022 mit einem Gewinn ab.","robots":{"index":"index","follow":"follow","max-snippet":"max-snippet:-1","max-image-preview":"max-image-preview:large","max-video-preview":"max-video-preview:-1"},"canonical":"https:\/\/stadtcasinobaden.ch\/gb2022\/","og_locale":"de_DE","og_type":"article","og_title":"Startseite","og_description":"Die Stadtcasino Baden AG ver\u00f6ffentlicht online die wichtigsten Kennzahlen und schliesst das Gesch\u00e4ftsjahr 2022 mit einem Gewinn ab.","og_url":"https:\/\/stadtcasinobaden.ch\/gb2022\/","og_site_name":"Gesch\u00e4ftsbericht Stadtcasino Baden 22","article_modified_time":"2023-05-15T08:01:39+00:00","twitter_card":"summary_large_image","schema":{"@context":"https:\/\/schema.org","@graph":[{"@type":"WebPage","@id":"https:\/\/stadtcasinobaden.ch\/gb2022\/","url":"https:\/\/stadtcasinobaden.ch\/gb2022\/","name":"Gesch\u00e4ftsbericht 2022","isPartOf":{"@id":"https:\/\/stadtcasinobaden.ch\/gb2022\/#website"},"datePublished":"2022-04-27T13:34:44+00:00","dateModified":"2023-05-15T08:01:39+00:00","description":"Die Stadtcasino Baden AG ver\u00f6ffentlicht online die wichtigsten Kennzahlen und schliesst das Gesch\u00e4ftsjahr 2022 mit einem Gewinn ab.","breadcrumb":{"@id":"https:\/\/stadtcasinobaden.ch\/gb2022\/#breadcrumb"},"inLanguage":"de-CH","potentialAction":[{"@type":"ReadAction","target":["https:\/\/stadtcasinobaden.ch\/gb2022\/"]}]},{"@type":"BreadcrumbList","@id":"https:\/\/stadtcasinobaden.ch\/gb2022\/#breadcrumb","itemListElement":[{"@type":"ListItem","position":1,"name":"Startseite","item":"https:\/\/stadtcasinobaden.ch\/gb2022\/"},{"@type":"ListItem","position":2,"name":"Startseite"}]},{"@type":"WebSite","@id":"https:\/\/stadtcasinobaden.ch\/gb2022\/#website","url":"https:\/\/stadtcasinobaden.ch\/gb2022\/","name":"Gesch\u00e4ftsbericht Stadtcasino Baden 22","description":"","potentialAction":[{"@type":"SearchAction","target":{"@type":"EntryPoint","urlTemplate":"https:\/\/stadtcasinobaden.ch\/gb2022\/?s={search_term_string}"},"query-input":{"@type":"PropertyValueSpecification","valueRequired":true,"valueName":"search_term_string"}}],"inLanguage":"de-CH"}]}},"_links":{"self":[{"href":"https:\/\/stadtcasinobaden.ch\/gb2022\/wp-json\/wp\/v2\/pages\/10","targetHints":{"allow":["GET"]}}],"collection":[{"href":"https:\/\/stadtcasinobaden.ch\/gb2022\/wp-json\/wp\/v2\/pages"}],"about":[{"href":"https:\/\/stadtcasinobaden.ch\/gb2022\/wp-json\/wp\/v2\/types\/page"}],"author":[{"embeddable":true,"href":"https:\/\/stadtcasinobaden.ch\/gb2022\/wp-json\/wp\/v2\/users\/1"}],"replies":[{"embeddable":true,"href":"https:\/\/stadtcasinobaden.ch\/gb2022\/wp-json\/wp\/v2\/comments?post=10"}],"version-history":[{"count":127,"href":"https:\/\/stadtcasinobaden.ch\/gb2022\/wp-json\/wp\/v2\/pages\/10\/revisions"}],"predecessor-version":[{"id":1235,"href":"https:\/\/stadtcasinobaden.ch\/gb2022\/wp-json\/wp\/v2\/pages\/10\/revisions\/1235"}],"wp:attachment":[{"href":"https:\/\/stadtcasinobaden.ch\/gb2022\/wp-json\/wp\/v2\/media?parent=10"}],"curies":[{"name":"wp","href":"https:\/\/api.w.org\/{rel}","templated":true}]}}