{"id":556,"date":"2022-05-30T07:45:56","date_gmt":"2022-05-30T05:45:56","guid":{"rendered":"https:\/\/dev.gb-stadtcasino-baden.carinae.ch\/?page_id=556"},"modified":"2024-04-26T10:29:01","modified_gmt":"2024-04-26T08:29:01","slug":"impressum","status":"publish","type":"page","link":"https:\/\/stadtcasinobaden.ch\/gb2023\/impressum\/","title":{"rendered":"Impressum"},"content":{"rendered":"<h4>Stadtcasino Baden AG<\/h4>\n<p>Haselstrasse 2, 5400 Baden<br \/>\nT +41 56 2040 707<br \/>\nF +41 56 2040 708<br \/>\n<a href=\"mailto:info@stadtcasinobaden.ch\">info@stadtcasinobaden.ch<\/a><\/p>\n<p>&nbsp;<\/p>\n<p><strong>Rechtliche Hinweise:<\/strong><\/p>\n<p><strong>Zustimmung<\/strong><br \/>\nMit dem Zugriff auf diese Webseite und ihre Unterseiten erkl\u00e4ren Sie sich mit den folgenden Bestimmungen einverstanden. Wenn Sie diesen nicht zustimmen, unterlassen Sie bitte den Zugriff auf diese Webseite und ihre Unterseiten (nachfolgend \u00abWebseite\u00bb genannt).<\/p>\n<p><strong>Haftungsausschluss<\/strong><br \/>\nDie Informationen auf vorliegender Webseite werden mit gr\u00f6sster Sorgfalt erstellt. Der Autor \u00fcbernimmt jedoch keinerlei Gew\u00e4hr hinsichtlich der inhaltlichen Richtigkeit, Genauigkeit, Aktualit\u00e4t, Zuverl\u00e4ssigkeit und Vollst\u00e4ndigkeit der Informationen. S\u00e4mtliche Aussagen stehen unter dem Vorbehalt jederzeitiger \u00c4nderung. Haftungsanspr\u00fcche gegen den Autor wegen jeglicher Sch\u00e4den, sei es direkt oder indirekt, materieller oder immaterieller Art, welche aus dem Zugriff oder der Nutzung bzw. Nichtnutzung der ver\u00f6ffentlichten Informationen, durch Missbrauch der Verbindung oder durch technische St\u00f6rungen entstanden sind, werden ausgeschlossen. Alle Angebote sind unverbindlich. Der Autor beh\u00e4lt es sich ausdr\u00fccklich vor, Teile der Seiten oder das gesamte Angebot ohne gesonderte Ank\u00fcndigung zu ver\u00e4ndern, zu erg\u00e4nzen, zu l\u00f6schen oder die Ver\u00f6ffentlichung zeitweise oder endg\u00fcltig einzustellen.<\/p>\n<p>Der Nutzer verpflichtet sich, auf dieser Seite keine Informationen zu \u00fcbermitteln, die eine zivil- oder strafrechtliche Haftung nach sich ziehen k\u00f6nnten, und verpflichtet sich in diesem Sinne, \u00fcber diese Seite keine illegalen, gegen die \u00f6ffentliche Ordnung versto\u00dfenden oder verleumderischen Informationen zu verbreiten.<\/p>\n<p><strong>Haftung f\u00fcr Internet-Links<\/strong><br \/>\nVerweise und Links auf Webseiten Dritter liegen ausserhalb unseres Verantwortungsbereichs. Es wird jegliche Verantwortung f\u00fcr solche Webseiten abgelehnt. Der Zugriff und die Nutzung solcher Webseiten erfolgen auf eigene Gefahr des Nutzers oder der Nutzerin.<\/p>\n<p><strong>Urheberrechte<\/strong><br \/>\nDie Urheber- und alle anderen Rechte an Inhalten, Bildern, Fotos oder anderen Dateien auf der Webseite geh\u00f6ren ausschliesslich der Stadtcasino Baden AG oder den speziell genannten Rechtsinhabern. F\u00fcr die Reproduktion jeglicher Elemente ist die schriftliche Zustimmung der Urheberrechtstr\u00e4ger im Voraus einzuholen. Ein Verstoss gegen diese Bestimmungen wird geahndet und verpflichtet zur sofortigen Vernichtung aller ausgedruckten oder heruntergeladenen Inhalte. Die Geltendmachung weiterer Schadensersatzanspr\u00fcche beh\u00e4lt sich die Stadtcasino Baden AG vor.<\/p>\n<p><strong>Streitigkeiten<\/strong><br \/>\nDie vorliegenden Bedingungen und die Beziehung zwischen der Stadtcasino AG und den Nutzern unterliegen dem schweizerischen Recht und jede Streitigkeit, die nicht durch einen Vergleich beigelegt werden kann, wird vor den zust\u00e4ndigen Gerichten in Baden, Kanton Aargau, Schweiz, verhandelt.<\/p>\n<p><strong>Hinweise zum Datenschutz<\/strong><br \/>\nDie uns via Kontaktformular, Bewerbungsformular etc. zur Verf\u00fcgung gestellten personenbezogenen Daten werden unter Beachtung der geltenden Datenschutzvorschriften in unserem System gespeichert und ausschliesslich f\u00fcr die auf dieser Seite genannten Zwecke genutzt. Ihre personenbezogenen Daten verwenden wir f\u00fcr die Beantwortung Ihrer Anfrage, zur Bearbeitung Ihres Auftrages resp. Ihrer Bewerbung oder, um Ihnen Zugang zu speziellen Informationen und Angeboten zu verschaffen. Wir wahren die Vertraulichkeit Ihrer Daten und werden diese ohne Ihre ausdr\u00fcckliche Einwilligung keinesfalls einer Drittpartei weitergeben. In diesem Zusammenhang verweisen wir Sie auch auf die Datenschutzpolitik der Stadtcasino Baden AG.<\/p>\n","protected":false},"excerpt":{"rendered":"<p>Stadtcasino Baden AG Haselstrasse 2, 5400 Baden T +41 56 2040 707 F +41 56 2040 708 info@stadtcasinobaden.ch &nbsp; Rechtliche Hinweise: Zustimmung Mit dem Zugriff auf diese Webseite und ihre Unterseiten erkl\u00e4ren Sie sich mit den folgenden Bestimmungen einverstanden. Wenn Sie diesen nicht zustimmen, unterlassen Sie bitte den Zugriff auf diese Webseite und ihre Unterseiten [&hellip;]<\/p>\n","protected":false},"author":7,"featured_media":0,"parent":0,"menu_order":14,"comment_status":"closed","ping_status":"closed","template":"template_detail.php","meta":{"_acf_changed":false,"footnotes":""},"class_list":["post-556","page","type-page","status-publish","hentry"],"acf":[],"yoast_head":"<!-- This site is optimized with the Yoast SEO Premium plugin v26.6 (Yoast SEO v26.6) - https:\/\/yoast.com\/wordpress\/plugins\/seo\/ -->\n<title>Impressum - Gesch\u00e4ftsbericht Stadtcasino Baden 23<\/title>\n<meta name=\"robots\" content=\"index, follow, max-snippet:-1, max-image-preview:large, max-video-preview:-1\" \/>\n<link rel=\"canonical\" href=\"https:\/\/stadtcasinobaden.ch\/gb2023\/impressum\/\" \/>\n<meta property=\"og:locale\" content=\"de_DE\" \/>\n<meta property=\"og:type\" content=\"article\" \/>\n<meta property=\"og:title\" content=\"Impressum\" \/>\n<meta property=\"og:description\" content=\"Stadtcasino Baden AG Haselstrasse 2, 5400 Baden T +41 56 2040 707 F +41 56 2040 708 info@stadtcasinobaden.ch &nbsp; Rechtliche Hinweise: Zustimmung Mit dem Zugriff auf diese Webseite und ihre Unterseiten erkl\u00e4ren Sie sich mit den folgenden Bestimmungen einverstanden. Wenn Sie diesen nicht zustimmen, unterlassen Sie bitte den Zugriff auf diese Webseite und ihre Unterseiten [&hellip;]\" \/>\n<meta property=\"og:url\" content=\"https:\/\/stadtcasinobaden.ch\/gb2023\/impressum\/\" \/>\n<meta property=\"og:site_name\" content=\"Gesch\u00e4ftsbericht Stadtcasino Baden 23\" \/>\n<meta property=\"article:modified_time\" content=\"2024-04-26T08:29:01+00:00\" \/>\n<meta name=\"twitter:card\" content=\"summary_large_image\" \/>\n<meta name=\"twitter:label1\" content=\"Gesch\u00e4tzte Lesezeit\" \/>\n\t<meta name=\"twitter:data1\" content=\"3\u00a0Minuten\" \/>\n<script type=\"application\/ld+json\" class=\"yoast-schema-graph\">{\"@context\":\"https:\/\/schema.org\",\"@graph\":[{\"@type\":\"WebPage\",\"@id\":\"https:\/\/stadtcasinobaden.ch\/gb2023\/impressum\/\",\"url\":\"https:\/\/stadtcasinobaden.ch\/gb2023\/impressum\/\",\"name\":\"Impressum - Gesch\u00e4ftsbericht Stadtcasino Baden 23\",\"isPartOf\":{\"@id\":\"https:\/\/stadtcasinobaden.ch\/gb2023\/#website\"},\"datePublished\":\"2022-05-30T05:45:56+00:00\",\"dateModified\":\"2024-04-26T08:29:01+00:00\",\"breadcrumb\":{\"@id\":\"https:\/\/stadtcasinobaden.ch\/gb2023\/impressum\/#breadcrumb\"},\"inLanguage\":\"de-CH\",\"potentialAction\":[{\"@type\":\"ReadAction\",\"target\":[\"https:\/\/stadtcasinobaden.ch\/gb2023\/impressum\/\"]}]},{\"@type\":\"BreadcrumbList\",\"@id\":\"https:\/\/stadtcasinobaden.ch\/gb2023\/impressum\/#breadcrumb\",\"itemListElement\":[{\"@type\":\"ListItem\",\"position\":1,\"name\":\"Startseite\",\"item\":\"https:\/\/stadtcasinobaden.ch\/gb2023\/\"},{\"@type\":\"ListItem\",\"position\":2,\"name\":\"Impressum\"}]},{\"@type\":\"WebSite\",\"@id\":\"https:\/\/stadtcasinobaden.ch\/gb2023\/#website\",\"url\":\"https:\/\/stadtcasinobaden.ch\/gb2023\/\",\"name\":\"Gesch\u00e4ftsbericht Stadtcasino Baden 23\",\"description\":\"\",\"potentialAction\":[{\"@type\":\"SearchAction\",\"target\":{\"@type\":\"EntryPoint\",\"urlTemplate\":\"https:\/\/stadtcasinobaden.ch\/gb2023\/?s={search_term_string}\"},\"query-input\":{\"@type\":\"PropertyValueSpecification\",\"valueRequired\":true,\"valueName\":\"search_term_string\"}}],\"inLanguage\":\"de-CH\"}]}<\/script>\n<!-- \/ Yoast SEO Premium plugin. -->","yoast_head_json":{"title":"Impressum - Gesch\u00e4ftsbericht Stadtcasino Baden 23","robots":{"index":"index","follow":"follow","max-snippet":"max-snippet:-1","max-image-preview":"max-image-preview:large","max-video-preview":"max-video-preview:-1"},"canonical":"https:\/\/stadtcasinobaden.ch\/gb2023\/impressum\/","og_locale":"de_DE","og_type":"article","og_title":"Impressum","og_description":"Stadtcasino Baden AG Haselstrasse 2, 5400 Baden T +41 56 2040 707 F +41 56 2040 708 info@stadtcasinobaden.ch &nbsp; Rechtliche Hinweise: Zustimmung Mit dem Zugriff auf diese Webseite und ihre Unterseiten erkl\u00e4ren Sie sich mit den folgenden Bestimmungen einverstanden. Wenn Sie diesen nicht zustimmen, unterlassen Sie bitte den Zugriff auf diese Webseite und ihre Unterseiten [&hellip;]","og_url":"https:\/\/stadtcasinobaden.ch\/gb2023\/impressum\/","og_site_name":"Gesch\u00e4ftsbericht Stadtcasino Baden 23","article_modified_time":"2024-04-26T08:29:01+00:00","twitter_card":"summary_large_image","twitter_misc":{"Gesch\u00e4tzte Lesezeit":"3\u00a0Minuten"},"schema":{"@context":"https:\/\/schema.org","@graph":[{"@type":"WebPage","@id":"https:\/\/stadtcasinobaden.ch\/gb2023\/impressum\/","url":"https:\/\/stadtcasinobaden.ch\/gb2023\/impressum\/","name":"Impressum - Gesch\u00e4ftsbericht Stadtcasino Baden 23","isPartOf":{"@id":"https:\/\/stadtcasinobaden.ch\/gb2023\/#website"},"datePublished":"2022-05-30T05:45:56+00:00","dateModified":"2024-04-26T08:29:01+00:00","breadcrumb":{"@id":"https:\/\/stadtcasinobaden.ch\/gb2023\/impressum\/#breadcrumb"},"inLanguage":"de-CH","potentialAction":[{"@type":"ReadAction","target":["https:\/\/stadtcasinobaden.ch\/gb2023\/impressum\/"]}]},{"@type":"BreadcrumbList","@id":"https:\/\/stadtcasinobaden.ch\/gb2023\/impressum\/#breadcrumb","itemListElement":[{"@type":"ListItem","position":1,"name":"Startseite","item":"https:\/\/stadtcasinobaden.ch\/gb2023\/"},{"@type":"ListItem","position":2,"name":"Impressum"}]},{"@type":"WebSite","@id":"https:\/\/stadtcasinobaden.ch\/gb2023\/#website","url":"https:\/\/stadtcasinobaden.ch\/gb2023\/","name":"Gesch\u00e4ftsbericht Stadtcasino Baden 23","description":"","potentialAction":[{"@type":"SearchAction","target":{"@type":"EntryPoint","urlTemplate":"https:\/\/stadtcasinobaden.ch\/gb2023\/?s={search_term_string}"},"query-input":{"@type":"PropertyValueSpecification","valueRequired":true,"valueName":"search_term_string"}}],"inLanguage":"de-CH"}]}},"_links":{"self":[{"href":"https:\/\/stadtcasinobaden.ch\/gb2023\/wp-json\/wp\/v2\/pages\/556","targetHints":{"allow":["GET"]}}],"collection":[{"href":"https:\/\/stadtcasinobaden.ch\/gb2023\/wp-json\/wp\/v2\/pages"}],"about":[{"href":"https:\/\/stadtcasinobaden.ch\/gb2023\/wp-json\/wp\/v2\/types\/page"}],"author":[{"embeddable":true,"href":"https:\/\/stadtcasinobaden.ch\/gb2023\/wp-json\/wp\/v2\/users\/7"}],"replies":[{"embeddable":true,"href":"https:\/\/stadtcasinobaden.ch\/gb2023\/wp-json\/wp\/v2\/comments?post=556"}],"version-history":[{"count":12,"href":"https:\/\/stadtcasinobaden.ch\/gb2023\/wp-json\/wp\/v2\/pages\/556\/revisions"}],"predecessor-version":[{"id":1689,"href":"https:\/\/stadtcasinobaden.ch\/gb2023\/wp-json\/wp\/v2\/pages\/556\/revisions\/1689"}],"wp:attachment":[{"href":"https:\/\/stadtcasinobaden.ch\/gb2023\/wp-json\/wp\/v2\/media?parent=556"}],"curies":[{"name":"wp","href":"https:\/\/api.w.org\/{rel}","templated":true}]}}